{"id":393,"date":"2019-05-02T17:10:32","date_gmt":"2019-05-02T15:10:32","guid":{"rendered":"https:\/\/aflswitzerland.ch\/?page_id=393"},"modified":"2021-05-22T14:56:47","modified_gmt":"2021-05-22T12:56:47","slug":"afl-explained","status":"publish","type":"page","link":"https:\/\/aflswitzerland.ch\/rm\/afl-explained\/","title":{"rendered":"Tgei ei Australian Rules Football?"},"content":{"rendered":"<p>Australian Rules Football ei ina sort sport da balla schi dinamica sco negin\u2019autra. Il sport vegn mo giugaus proefessiunal en l\u2019Australia, en ils 18 Teams naziunals dalla liga australiana. E sche Australian Rules Football n\u2019ha anc betg ina gronda muntada internauiunala, ha il sport da balla in grond diember dad aspectataturs internaziunals sur l\u2019entir mund&nbsp;!<\/p>\n\n\n\n<p>Ina gronda surpresa n\u2019\u00e9si dentant betg, sch\u2019ins admira ils stadions gigantics, en ils quals ils gieus vegnan purtads ora. Per exempel po il Melbourne Cricket Ground tschiffar enfin 100&#8217;000 aspectaturs ed aspectaturas e quenta aschia tar in das pli gronds stadis dal mund.<\/p>\n\n\n\n<p>Surpresend perquai che quest sport era l\u2019entschatta mo manegiaus per tegner ils giugadurs da Chickes en furma sur l\u2019envirn.<\/p>\n\n\n\n<p>Pervida sia singularitad ed il engagement dals Fans co era dals giugadurs betg mo en l\u2019Australia, vegn il \u00ab&nbsp;Aussi Rules&nbsp;\u00bb derasaus sur l\u2019entir mund ora.<\/p>\n\n\n\n<p>Giugau vegn en gruppas da 18 giugadurs sin in plaz circa dubel usch\u00e9 gronds sco in normal plaz da ballap\u00e9. En l\u2019Europa havain nus dentant betg da quels plaz specials, ord quest motiv giigiain nus sin in plaz normal simplamein en gruppas da 9 giugadurs.<\/p>\n\n\n\n<p>La Finamira da quest gieu \u00e9 fitg simpla: Rimnar dapli punct ch\u2019el adversari e gudagnar! Puncts survegn ins sch\u2019ins po far in Goal u Behinds. Tar mintga fin dal plaz stattan quatter petgas verticalas dal Goal, sch\u2019ins sajeta il balla tras duas medias petgas e po far in Goal survegn ins sis puncts. Sch\u2019ins sajeta il ball atras las duas petgas ordvart nummna ins quai in Behind ed ins survegn mo in punct.<\/p>\n\n\n\n<p>Tgei che fa quest gieu usch\u00e9 dinamic \u00e9n las differentas vias u metodas da sajetar il ball oval sur il plaz. Las positiuns sil plaz \u00e9n fitg sumegliantas sco en in gieu da balla, cun defensur, quader central co era cun offensiva. Qua calame ra schon las summegliantschas. Bittar il ball na dastg\u2019ins betg, persuenter en pitgadas cun il maun lubi, tar las qualas ins vairamain pitga naven il ball. Currer cun il ball \u00e9 era lubi, dentant ston ins engianar el mintga 15 meters, quai n\u2019\u00e9 dentant qnanc usch\u00e9 simpel. La davosa sort dadmuventar il bal \u00e9 da binglar il ball.<\/p>","protected":false},"excerpt":{"rendered":"<p>Australian Rules Football ei ina sort sport da balla schi dinamica sco negin\u2019autra. Il sport vegn mo giugaus proefessiunal en l\u2019Australia, en ils 18 Teams naziunals dalla liga australiana. E sche Australian Rules Football n\u2019ha anc betg ina gronda muntada internauiunala, ha il sport da balla in grond diember dad aspectataturs internaziunals sur l\u2019entir mund&nbsp;! [&hellip;]<\/p>\n","protected":false},"author":1,"featured_media":0,"parent":0,"menu_order":0,"comment_status":"closed","ping_status":"closed","template":"","meta":{"om_disable_all_campaigns":false,"_monsterinsights_skip_tracking":false,"_monsterinsights_sitenote_active":false,"_monsterinsights_sitenote_note":"","_monsterinsights_sitenote_category":0,"footnotes":""},"class_list":["post-393","page","type-page","status-publish","hentry"],"jetpack_sharing_enabled":true,"_links":{"self":[{"href":"https:\/\/aflswitzerland.ch\/rm\/wp-json\/wp\/v2\/pages\/393","targetHints":{"allow":["GET"]}}],"collection":[{"href":"https:\/\/aflswitzerland.ch\/rm\/wp-json\/wp\/v2\/pages"}],"about":[{"href":"https:\/\/aflswitzerland.ch\/rm\/wp-json\/wp\/v2\/types\/page"}],"author":[{"embeddable":true,"href":"https:\/\/aflswitzerland.ch\/rm\/wp-json\/wp\/v2\/users\/1"}],"replies":[{"embeddable":true,"href":"https:\/\/aflswitzerland.ch\/rm\/wp-json\/wp\/v2\/comments?post=393"}],"version-history":[{"count":80,"href":"https:\/\/aflswitzerland.ch\/rm\/wp-json\/wp\/v2\/pages\/393\/revisions"}],"predecessor-version":[{"id":1113,"href":"https:\/\/aflswitzerland.ch\/rm\/wp-json\/wp\/v2\/pages\/393\/revisions\/1113"}],"wp:attachment":[{"href":"https:\/\/aflswitzerland.ch\/rm\/wp-json\/wp\/v2\/media?parent=393"}],"curies":[{"name":"wp","href":"https:\/\/api.w.org\/{rel}","templated":true}]}}