{"id":393,"date":"2019-05-02T17:10:32","date_gmt":"2019-05-02T15:10:32","guid":{"rendered":"https:\/\/aflswitzerland.ch\/?page_id=393"},"modified":"2021-05-22T14:56:47","modified_gmt":"2021-05-22T12:56:47","slug":"afl-explained","status":"publish","type":"page","link":"https:\/\/aflswitzerland.ch\/it\/afl-explained\/","title":{"rendered":"Cosa \u00e8 il football australiano?"},"content":{"rendered":"<p>Il football australiano (<em>Australian Rules Football<\/em>)\u00e8 uno sport con palla dinamico come tanti altri. A livello professionale questo sport \u00e8 giocato esclusivamente in Australia dalle 18 squadre nel campionato australiano. Anche se &nbsp;non \u00e8 molto conosciuto a livello internazionale, \u00e8 tra le pi\u00f9 popolari competizioni sportistiche nazionali nel mondo, secondo i numeri degli spettatori!<\/p>\n\n\n\n<p>Ci\u00f2 \u00e8 poco sorprendente quando si vedono gli enormi stadi dove questo sport viene praticato. Il campo di cricket di Melbourne per esempio, che ospita molti grandi partite, ha pi\u00f9 di 100,000 posti a sedere, rendendolo uno dei pi\u00f9 grandi stadi del mondo. Incredibile, specialmente considerando che questo sport \u00e8 stato inventato solo per tenere in forma i giocatori di cricket in inverno.<\/p>\n\n\n\n<p>Ma l&#8217;unicit\u00e0 del gioco e l&#8217;impegno dei fan e dei giocatori fuori dall&#8217;Australia hanno iniziato a diffondere le &#8220;regole australiane\u2019\u2019 in tutto il mondo.<\/p>\n\n\n\n<p>Si gioca con due squadre di 18 giocatori su un campo grande pi\u00f9 del doppio di un campo da calcio convenzionale. Dato che in Europa non ci sono o ci sono pochi campi di questo tipo, si gioca con squadre di 9 giocatori su un normale campo da calcio.<\/p>\n\n\n\n<p>L&#8217;obiettivo del gioco \u00e8 abbastanza semplice: ottenere pi\u00f9 punti dell&#8217;altra squadra e vincere! I punti si ottengono facendo goal o \u2018\u2019behind\u2019\u2019. Alle due estremit\u00e0 del campo ci sono quattro pali verticali, quando si calcia il pallone attraverso i due pali centrali si \u00e8 segnato un goal e si ottengono sei punti. Se si calcia il pallone attraverso i due pali esterni, si chiama &#8220;behind&#8221; e si ottiene solo un punto.<\/p>\n\n\n\n<p>Ci\u00f2 che rende il gioco cos\u00ec dinamico sono i diversi modi di muovere la palla ovale sul campo. Le posizioni in campo sono paragonabili a quelle del calcio, con difesa, centrocampo e attacco, ma \u00e8 qui che finiscono le somiglianze. Siccome non si pu\u00f2 lanciare la palla \u00e8 permesso passare tirando la palla con un pugno. Anche correre con la palla \u00e8 permesso bisogna far rimbalzare la palla ogni 15 metri, il che \u00e8 ovviamente un&#8217;arte in s\u00e9. L&#8217;ultimo modo di muovere la palla \u00e8 attraverso i calci ed \u00e8 l&#8217;unico modo per fare goal. Quando si calcia la palla a un compagno di squadra e lui la prende, si chiama marcatura e si ottiene un calcio piazzato dove non si pu\u00f2 essere placcati. Poich\u00e9 il football australiano \u00e8 uno sport di contatto in cui un avversario pu\u00f2 essere abbattuto o disturbato in vari modi, il placcaggio \u00e8 una parte importante del gioco. Ma il contatto corporeo \u00e8 permesso solo all&#8217;altezza tra le spalle e le ginocchia.<\/p>\n\n\n\n<p>Questo sport \u00e8 molto intenso, ma per noi di AFL Svizzera&nbsp; il divertimento, la correttezza e lo spirito di squadra vengono prima di tutto, quindi se abbiamo catturato il tuo interesse non esitare a contattarci o a venire in una delle nostre partite dove c&#8217;\u00e8 sempre un&#8217;atmosfera di festa!<\/p>\n\n\n\n<p><\/p>","protected":false},"excerpt":{"rendered":"<p>Il football australiano (Australian Rules Football)\u00e8 uno sport con palla dinamico come tanti altri. A livello professionale questo sport \u00e8 giocato esclusivamente in Australia dalle 18 squadre nel campionato australiano. Anche se &nbsp;non \u00e8 molto conosciuto a livello internazionale, \u00e8 tra le pi\u00f9 popolari competizioni sportistiche nazionali nel mondo, secondo i numeri degli spettatori! Ci\u00f2 [&hellip;]<\/p>\n","protected":false},"author":1,"featured_media":0,"parent":0,"menu_order":0,"comment_status":"closed","ping_status":"closed","template":"","meta":{"om_disable_all_campaigns":false,"_monsterinsights_skip_tracking":false,"_monsterinsights_sitenote_active":false,"_monsterinsights_sitenote_note":"","_monsterinsights_sitenote_category":0,"footnotes":""},"class_list":["post-393","page","type-page","status-publish","hentry"],"jetpack_sharing_enabled":true,"_links":{"self":[{"href":"https:\/\/aflswitzerland.ch\/it\/wp-json\/wp\/v2\/pages\/393","targetHints":{"allow":["GET"]}}],"collection":[{"href":"https:\/\/aflswitzerland.ch\/it\/wp-json\/wp\/v2\/pages"}],"about":[{"href":"https:\/\/aflswitzerland.ch\/it\/wp-json\/wp\/v2\/types\/page"}],"author":[{"embeddable":true,"href":"https:\/\/aflswitzerland.ch\/it\/wp-json\/wp\/v2\/users\/1"}],"replies":[{"embeddable":true,"href":"https:\/\/aflswitzerland.ch\/it\/wp-json\/wp\/v2\/comments?post=393"}],"version-history":[{"count":80,"href":"https:\/\/aflswitzerland.ch\/it\/wp-json\/wp\/v2\/pages\/393\/revisions"}],"predecessor-version":[{"id":1113,"href":"https:\/\/aflswitzerland.ch\/it\/wp-json\/wp\/v2\/pages\/393\/revisions\/1113"}],"wp:attachment":[{"href":"https:\/\/aflswitzerland.ch\/it\/wp-json\/wp\/v2\/media?parent=393"}],"curies":[{"name":"wp","href":"https:\/\/api.w.org\/{rel}","templated":true}]}}