{"id":393,"date":"2019-05-02T17:10:32","date_gmt":"2019-05-02T15:10:32","guid":{"rendered":"https:\/\/aflswitzerland.ch\/?page_id=393"},"modified":"2021-05-22T14:56:47","modified_gmt":"2021-05-22T12:56:47","slug":"afl-explained","status":"publish","type":"page","link":"https:\/\/aflswitzerland.ch\/fr\/afl-explained\/","title":{"rendered":"Qu\u2019est-ce que le football australien?"},"content":{"rendered":"<figure class=\"wp-block-embed is-type-video is-provider-youtube wp-block-embed-youtube wp-embed-aspect-16-9 wp-has-aspect-ratio\"><div class=\"wp-block-embed__wrapper\">\n<iframe loading=\"lazy\" title=\"What is AFL? - French Edition\" width=\"654\" height=\"368\" src=\"https:\/\/www.youtube.com\/embed\/YhoUe19Ty1c?feature=oembed\" frameborder=\"0\" allow=\"accelerometer; autoplay; clipboard-write; encrypted-media; gyroscope; picture-in-picture; web-share\" referrerpolicy=\"strict-origin-when-cross-origin\" allowfullscreen><\/iframe>\n<\/div><\/figure>\n\n\n\n\n\n\n\n<p>Le football australien (\u00ab&nbsp;Australian Rules Football&nbsp;\u00bb) est un sport de balle aussi dynamique qu&#8217;un autre. Professionnellement, le sport est jou\u00e9 exclusivement en Australie par les 18 \u00e9quipes de la Ligue australienne de football. Bien que le football australien ne soit pas bien connu au niveau international, c&#8217;est l&#8217;une des comp\u00e9titions sportives nationales les plus populaires au monde, selon le nombre de spectateurs! Cela n&#8217;est gu\u00e8re surprenant quand on regarde les immenses stades o\u00f9 se d\u00e9roulent ces matchs. Le Melbourne Cricket Ground par exemple, qui accueille de nombreux matchs majeurs, peut accueillir plus de 100 000 spectateurs, ce qui en fait l&#8217;un des plus grands stades du monde. Incroyable, surtout si l&#8217;on consid\u00e8re que le sport a \u00e9t\u00e9 invent\u00e9 uniquement pour garder les joueurs de cricket en forme en hiver.<\/p>\n\n\n\n<p>Mais le caract\u00e8re unique du jeu et l&#8217;engagement des fans et des joueurs en dehors de l&#8217;Australie ont commenc\u00e9 \u00e0 populariser les \u00ab&nbsp;Aussie Rules&nbsp;\u00bb \u00e0 travers le monde.<\/p>\n\n\n\n<p>Le jeu se joue avec deux \u00e9quipes de 18 joueurs sur un terrain plus de deux fois plus grand qu&#8217;un terrain de football conventionnel. Comme nous n&#8217;avons pas ou peu de terrains disponibles en Europe, nous jouons avec des \u00e9quipes de 9 joueurs sur un terrain de football ou de rugby.<\/p>\n\n\n\n<p>Le but du jeu est assez simple: obtenir plus de points que l&#8217;autre \u00e9quipe et gagner! Vous obtenez des points en frappant des buts ou des \u00ab behinds&nbsp;\u00bb. Aux deux extr\u00e9mit\u00e9s du terrain, il y a quatre poteaux verticaux. Lorsque vous frappez le ballon \u00e0 travers les deux poteaux du milieu, vous avez marqu\u00e9 un but et obtenez six points. Si vous frappez le ballon \u00e0 travers les deux poteaux ext\u00e9rieurs, c\u2019est un \u00ab&nbsp;behind&nbsp;\u00bb et n&#8217;obtenez qu&#8217;un point.<\/p>\n\n\n\n<p>Ce qui rend le jeu si dynamique, ce sont les diff\u00e9rentes fa\u00e7ons de d\u00e9placer la balle ovale sur le terrain. Les positions sur le terrain sont comparables \u00e0 celles du football, avec la d\u00e9fense, le milieu de terrain et l&#8217;attaque, mais c&#8217;est l\u00e0 que s&#8217;arr\u00eatent les similitudes. Vous ne pouvez pas lancer le ballon, mais vous \u00eates autoris\u00e9 \u00e0 frapper le ballon avec votre poing, se trouvant sur votre paume et ainsi le passer. Cette action s\u2019appelle un \u00ab&nbsp;handball&nbsp;\u00bb. Courir avec le ballon est \u00e9galement autoris\u00e9, mais il faut faire rebondir le ballon tous les 15 m\u00e8tres, ce qui est bien s\u00fbr un art en soi. La derni\u00e8re fa\u00e7on de d\u00e9placer le ballon est de donner des coups de pied, ce qui est l\u2019unique fa\u00e7on de marquer des buts. Quand vous donnez un coup de pied au ballon pour le donner \u00e0 l&#8217;un de vos co\u00e9quipiers et qu&#8217;il l\u2019attrape, \u00e7a s&#8217;appelle un \u00ab&nbsp;mark&nbsp;\u00bb. Gr\u00e2ce \u00e0 cette action, vous obtenez un coup de pied arr\u00eat\u00e9 et vous ne pouvez pas \u00eatre plaqu\u00e9. \u00c9tant donn\u00e9 que le football australien est un sport de contact dans lequel un adversaire peut \u00eatre renvers\u00e9 ou stopp\u00e9 de diverses mani\u00e8res, le tacle fait enti\u00e8rement partie du jeu. Mais le contact corporel n&#8217;est autoris\u00e9 qu&#8217;\u00e0 la hauteur entre les \u00e9paules et les genoux.<\/p>\n\n\n\n<p>Le sport est tr\u00e8s intense, mais pour nous AFL Suisse, le plaisir, l&#8217;\u00e9quit\u00e9 et l&#8217;esprit d&#8217;\u00e9quipe passent avant tout, alors si votre \u00eates int\u00e9ress\u00e9s ou simplement curieux, n&#8217;h\u00e9sitez pas \u00e0 nous contacter ou \u00e0 passer \u00e0 l&#8217;un de nos matchs o\u00f9 il y a toujours une atmosph\u00e8re de f\u00eate!<\/p>\n\n\n\n<p><\/p>","protected":false},"excerpt":{"rendered":"<p>Le football australien (\u00ab&nbsp;Australian Rules Football&nbsp;\u00bb) est un sport de balle aussi dynamique qu&#8217;un autre. Professionnellement, le sport est jou\u00e9 exclusivement en Australie par les 18 \u00e9quipes de la Ligue australienne de football. Bien que le football australien ne soit pas bien connu au niveau international, c&#8217;est l&#8217;une des comp\u00e9titions sportives nationales les plus populaires [&hellip;]<\/p>\n","protected":false},"author":1,"featured_media":0,"parent":0,"menu_order":0,"comment_status":"closed","ping_status":"closed","template":"","meta":{"om_disable_all_campaigns":false,"_monsterinsights_skip_tracking":false,"_monsterinsights_sitenote_active":false,"_monsterinsights_sitenote_note":"","_monsterinsights_sitenote_category":0,"footnotes":""},"class_list":["post-393","page","type-page","status-publish","hentry"],"jetpack_sharing_enabled":true,"_links":{"self":[{"href":"https:\/\/aflswitzerland.ch\/fr\/wp-json\/wp\/v2\/pages\/393","targetHints":{"allow":["GET"]}}],"collection":[{"href":"https:\/\/aflswitzerland.ch\/fr\/wp-json\/wp\/v2\/pages"}],"about":[{"href":"https:\/\/aflswitzerland.ch\/fr\/wp-json\/wp\/v2\/types\/page"}],"author":[{"embeddable":true,"href":"https:\/\/aflswitzerland.ch\/fr\/wp-json\/wp\/v2\/users\/1"}],"replies":[{"embeddable":true,"href":"https:\/\/aflswitzerland.ch\/fr\/wp-json\/wp\/v2\/comments?post=393"}],"version-history":[{"count":80,"href":"https:\/\/aflswitzerland.ch\/fr\/wp-json\/wp\/v2\/pages\/393\/revisions"}],"predecessor-version":[{"id":1113,"href":"https:\/\/aflswitzerland.ch\/fr\/wp-json\/wp\/v2\/pages\/393\/revisions\/1113"}],"wp:attachment":[{"href":"https:\/\/aflswitzerland.ch\/fr\/wp-json\/wp\/v2\/media?parent=393"}],"curies":[{"name":"wp","href":"https:\/\/api.w.org\/{rel}","templated":true}]}}