{"id":393,"date":"2019-05-02T17:10:32","date_gmt":"2019-05-02T15:10:32","guid":{"rendered":"https:\/\/aflswitzerland.ch\/?page_id=393"},"modified":"2021-05-22T14:56:47","modified_gmt":"2021-05-22T12:56:47","slug":"afl-explained","status":"publish","type":"page","link":"https:\/\/aflswitzerland.ch\/de\/afl-explained\/","title":{"rendered":"Was ist Australian Rules Football?"},"content":{"rendered":"<figure class=\"wp-block-embed is-type-video is-provider-youtube wp-block-embed-youtube wp-embed-aspect-16-9 wp-has-aspect-ratio\"><div class=\"wp-block-embed__wrapper\">\n<iframe loading=\"lazy\" title=\"What is AFL? - German Edition\" width=\"654\" height=\"491\" src=\"https:\/\/www.youtube.com\/embed\/nFYQNQY1fUA?feature=oembed\" frameborder=\"0\" allow=\"accelerometer; autoplay; clipboard-write; encrypted-media; gyroscope; picture-in-picture; web-share\" referrerpolicy=\"strict-origin-when-cross-origin\" allowfullscreen><\/iframe>\n<\/div><\/figure>\n\n\n\n<p>Australian Rules Football ist eine Ballsportart so dynamisch wie keine andere. Professionell wird der Sport ausschliesslich in Australien von den 18 Teams in der Australian Fooball Leaugue gespielt. Auch wenn Australian Rules Football international keine grosse Bekanntheit hat, ist es nach Zuschauerzahlen einer der popul\u00e4rsten inl\u00e4ndischen Sportwettbewerbe weltweit! Das ist auch kaum \u00fcberraschend, wenn man die riesigen Stadien sieht, in denen diese Spiele ausgetragen werden. Der Melbourne Cricket Ground z.B., in dem viele wichtige Spiele stattfinden fasst \u00fcber 100&#8217;000 Besucher und geh\u00e4rt damit zu den gr\u00f6ssten Stadien auf der Welt. Verbl\u00fcffend, vor allem wenn man bedenkt, dass der Sport nur erfunden wurde, um Cricketspieler im Winter fit zu halten.<\/p>\n\n\n\n<p>Wegen der Einzigartigkeit des Spiels und des Engagements von Fans und Spielern ausserhalb von Australien verbreitet sich \u00abAussie Rules\u00bb inzwischen auch weltweit.<\/p>\n\n\n\n<p>Gespielt wird mit zwei Teams \u00e0 18 Spieler auf einem Feld etwas mehr als doppelt so gross wie ein herk\u00f6mmlicher Fussballplatz. Da wir in Europa keine oder wenige solche Pl\u00e4tze zur Verf\u00fcgung haben spielen wir mit Teams \u00e0 9 Spieler auf einem Fussballfeld.<\/p>\n\n\n\n<p>Das Ziel des Spiels ist ganz einfach: Mehr Punkte als die andere Mannschaft holen und gewinnen! Punkte bekommt man in dem man Tore oder Behinds schiesst. An den beiden Enden des Platzes stehen vier vertikale Torpfosten, wenn man den Ball durch die mittleren zwei Pfosten kickt hat man ein Tor erzielt und bekommt sechs Punkte. Kickt man den Ball durch die \u00e4usseren zwei Pfosten nennt man es ein Behind und kriegt nur einen Punkt.<\/p>\n\n\n\n<p>Was das Spiel so dynamisch macht, sind die verschiedenen M\u00f6glichkeiten den ovalen Ball \u00fcber das Feld zu bewegen. Die Positionen auf dem Platz sind vergleichbar mit denen im Fussball, mit Verteidigung, Mittelfeld und Angriff aber da enden auch schon die \u00c4hnlichkeiten. Denn Ball werfen darf man nicht, stattdessen sind Faustp\u00e4sse erlaubt, bei denen man sich den Ball wortw\u00f6rtlich aus der Hand schl\u00e4gt. Rennen mit dem Ball ist auch erlaubt, jedoch muss man den Ball alle 15 Meter prellen, was nat\u00fcrlich eine Kunst an sich ist. Die letzte Art den Ball zu bewegen ist durch Kicken und nur so kann man auch Tore erzielen. Wenn ich den Ball einem meiner Mitspieler zukicke und er den Ball f\u00e4ngt nennt man es einen Mark und er bekommt einen Freistoss bei dem er nicht angegriffen werden darf. Denn Australian Rules Football ist eine Kontaktsportart, bei der ein Gegenspieler auf unterschiedlichste Arten zu Fall gebracht oder gest\u00f6rt werden darf, jedoch ist K\u00f6rperkontakt nur auf der H\u00f6he zwischen den Schultern und den Knien erlaubt.<\/p>\n\n\n\n<p>Der Sport ist zwar sehr intensiv aber f\u00fcr uns in AFL Switzerland steht Spass, Fairness und Teamgeist an erster Stelle, also wenn wir euer Interesse geweckt haben dann z\u00f6gert nicht uns zu kontaktieren oder kommt doch einfach mal an einem unserer Spiele vorbei bei denen immer eine festliche Stimmung herrscht!<\/p>\n\n\n\n<p><\/p>","protected":false},"excerpt":{"rendered":"<p>Australian Rules Football ist eine Ballsportart so dynamisch wie keine andere. Professionell wird der Sport ausschliesslich in Australien von den 18 Teams in der Australian Fooball Leaugue gespielt. Auch wenn Australian Rules Football international keine grosse Bekanntheit hat, ist es nach Zuschauerzahlen einer der popul\u00e4rsten inl\u00e4ndischen Sportwettbewerbe weltweit! Das ist auch kaum \u00fcberraschend, wenn man [&hellip;]<\/p>\n","protected":false},"author":1,"featured_media":0,"parent":0,"menu_order":0,"comment_status":"closed","ping_status":"closed","template":"","meta":{"om_disable_all_campaigns":false,"_monsterinsights_skip_tracking":false,"_monsterinsights_sitenote_active":false,"_monsterinsights_sitenote_note":"","_monsterinsights_sitenote_category":0,"footnotes":""},"class_list":["post-393","page","type-page","status-publish","hentry"],"jetpack_sharing_enabled":true,"_links":{"self":[{"href":"https:\/\/aflswitzerland.ch\/de\/wp-json\/wp\/v2\/pages\/393","targetHints":{"allow":["GET"]}}],"collection":[{"href":"https:\/\/aflswitzerland.ch\/de\/wp-json\/wp\/v2\/pages"}],"about":[{"href":"https:\/\/aflswitzerland.ch\/de\/wp-json\/wp\/v2\/types\/page"}],"author":[{"embeddable":true,"href":"https:\/\/aflswitzerland.ch\/de\/wp-json\/wp\/v2\/users\/1"}],"replies":[{"embeddable":true,"href":"https:\/\/aflswitzerland.ch\/de\/wp-json\/wp\/v2\/comments?post=393"}],"version-history":[{"count":80,"href":"https:\/\/aflswitzerland.ch\/de\/wp-json\/wp\/v2\/pages\/393\/revisions"}],"predecessor-version":[{"id":1113,"href":"https:\/\/aflswitzerland.ch\/de\/wp-json\/wp\/v2\/pages\/393\/revisions\/1113"}],"wp:attachment":[{"href":"https:\/\/aflswitzerland.ch\/de\/wp-json\/wp\/v2\/media?parent=393"}],"curies":[{"name":"wp","href":"https:\/\/api.w.org\/{rel}","templated":true}]}}