{"id":1363,"date":"2022-03-28T15:49:08","date_gmt":"2022-03-28T13:49:08","guid":{"rendered":"https:\/\/aflswitzerland.ch\/?page_id=1363"},"modified":"2025-08-22T07:09:14","modified_gmt":"2025-08-22T05:09:14","slug":"partners","status":"publish","type":"page","link":"https:\/\/aflswitzerland.ch\/de\/partners\/","title":{"rendered":"Unsere Partner"},"content":{"rendered":"<h2 class=\"wp-block-heading\">Offizielle Sponsoren<\/h2>\n\n\n\n<h3 class=\"wp-block-heading\">Atlas International Movers<\/h3>\n\n\n\n<figure class=\"wp-block-image size-full\"><img loading=\"lazy\" decoding=\"async\" width=\"1000\" height=\"387\" src=\"https:\/\/aflswitzerland.ch\/wp-content\/uploads\/2021\/08\/Atlas-International-Movers-AG-Logo.png\" alt=\"\" class=\"wp-image-1167\" srcset=\"https:\/\/aflswitzerland.ch\/wp-content\/uploads\/2021\/08\/Atlas-International-Movers-AG-Logo.png 1000w, https:\/\/aflswitzerland.ch\/wp-content\/uploads\/2021\/08\/Atlas-International-Movers-AG-Logo-300x116.png 300w, https:\/\/aflswitzerland.ch\/wp-content\/uploads\/2021\/08\/Atlas-International-Movers-AG-Logo-768x297.png 768w, https:\/\/aflswitzerland.ch\/wp-content\/uploads\/2021\/08\/Atlas-International-Movers-AG-Logo-128x50.png 128w, https:\/\/aflswitzerland.ch\/wp-content\/uploads\/2021\/08\/Atlas-International-Movers-AG-Logo-32x12.png 32w, https:\/\/aflswitzerland.ch\/wp-content\/uploads\/2021\/08\/Atlas-International-Movers-AG-Logo-3x1.png 3w\" sizes=\"auto, (max-width: 1000px) 100vw, 1000px\" \/><\/figure>\n\n\n\n<p>Atlas International Movers AG ist Ihr Ansprechpartner f\u00fcr alles, was mit einem internationalen Umzug zu tun hat. Wir wissen, dass bei einem Umzug in ein anderes Land in Ihrer Region oder nach \u00dcbersee die Verlagerung Ihres Hausrats und Ihrer pers\u00f6nlichen Gegenst\u00e4nde nur einen kleinen Teil dessen ausmacht, was Sie organisieren m\u00fcssen. Dank unseren erfahrenen Mitarbeitern und unseres weltweiten Netzwerks vertrauensw\u00fcrdiger Partner, sind wir in der Lage, Ihren Umzug gem\u00e4ss<\/p>\n\n\n\n<p>Ihren pers\u00f6nlichen Anforderungen und unter Einhaltung aller Vorschriften von und nach jedem Ort der Welt zu organisieren.<\/p>\n\n\n\n<p>Neben dem Strassentransport, der Luft- und Seefracht k\u00f6nnen wir Ihnen auch mit lang- oder kurzfristiger Lagerung und Mobilit\u00e4tsdienstleistungen wie Wohnungssuche, Schulsuche, Visumsbeantragung, vor\u00fcbergehender Unterbringung und vielem mehr helfen. Sie k\u00f6nnen sich jederzeit mit John (John.Zanoli@atlas-movers.com) von Atlas International Movers AG in Verbindung setzen, um Ihren Umzug zu besprechen oder ein kostenloses Angebot anzufordern.<\/p>\n\n\n\n<div class=\"wp-block-file\"><a id=\"wp-block-file--media-31b90c1d-7307-4596-b0c0-8d8837719ddb\" href=\"https:\/\/aflswitzerland.ch\/wp-content\/uploads\/2021\/08\/Atlas-International-Movers-AG-Brochure-CH.pdf\">Atlas International Movers AG Brochure<\/a><a href=\"https:\/\/aflswitzerland.ch\/wp-content\/uploads\/2021\/08\/Atlas-International-Movers-AG-Brochure-CH.pdf\" class=\"wp-block-file__button wp-element-button\" download aria-describedby=\"wp-block-file--media-31b90c1d-7307-4596-b0c0-8d8837719ddb\">Download<\/a><\/div>\n\n\n\n<hr class=\"wp-block-separator has-alpha-channel-opacity\"\/>\n\n\n\n<h2 class=\"wp-block-heading\">Atlas Wealth Group<\/h2>\n\n\n\n<figure class=\"wp-block-image size-full\"><img loading=\"lazy\" decoding=\"async\" width=\"854\" height=\"365\" src=\"https:\/\/aflswitzerland.ch\/wp-content\/uploads\/2025\/08\/Atlas-wealth-Group-Logo.jpg\" alt=\"\" class=\"wp-image-2197\" srcset=\"https:\/\/aflswitzerland.ch\/wp-content\/uploads\/2025\/08\/Atlas-wealth-Group-Logo.jpg 854w, https:\/\/aflswitzerland.ch\/wp-content\/uploads\/2025\/08\/Atlas-wealth-Group-Logo-300x128.jpg 300w, https:\/\/aflswitzerland.ch\/wp-content\/uploads\/2025\/08\/Atlas-wealth-Group-Logo-768x328.jpg 768w, https:\/\/aflswitzerland.ch\/wp-content\/uploads\/2025\/08\/Atlas-wealth-Group-Logo-128x55.jpg 128w, https:\/\/aflswitzerland.ch\/wp-content\/uploads\/2025\/08\/Atlas-wealth-Group-Logo-32x14.jpg 32w, https:\/\/aflswitzerland.ch\/wp-content\/uploads\/2025\/08\/Atlas-wealth-Group-Logo-2x1.jpg 2w\" sizes=\"auto, (max-width: 854px) 100vw, 854px\" \/><\/figure>\n\n\n\n<p>Established in 2011, servicing clients in over 50 countries and managing over $400 million in assets, they are the experts for Global Tax, Financial Advice &amp; Mortgage Solutions for Australian Expats.<\/p>\n\n\n\n<p>They have offices in both Australia and the UAE. And for Switzerland please contact Patrick Canion the Head of Advice, Switzerland &amp; Financial Planner at Atlas Wealth Group, who is based in Geneva. <\/p>\n\n\n\n<p>patrick.canion@atlaswealth.com<\/p>\n\n\n\n<p><\/p>","protected":false},"excerpt":{"rendered":"<p>Offizielle Sponsoren Atlas International Movers Atlas International Movers AG ist Ihr Ansprechpartner f\u00fcr alles, was mit einem internationalen Umzug zu tun hat. Wir wissen, dass bei einem Umzug in ein anderes Land in Ihrer Region oder nach \u00dcbersee die Verlagerung Ihres Hausrats und Ihrer pers\u00f6nlichen Gegenst\u00e4nde nur einen kleinen Teil dessen ausmacht, was Sie organisieren [&hellip;]<\/p>\n","protected":false},"author":1,"featured_media":0,"parent":0,"menu_order":0,"comment_status":"closed","ping_status":"closed","template":"","meta":{"om_disable_all_campaigns":false,"_monsterinsights_skip_tracking":false,"_monsterinsights_sitenote_active":false,"_monsterinsights_sitenote_note":"","_monsterinsights_sitenote_category":0,"footnotes":""},"class_list":["post-1363","page","type-page","status-publish","hentry"],"jetpack_sharing_enabled":true,"_links":{"self":[{"href":"https:\/\/aflswitzerland.ch\/de\/wp-json\/wp\/v2\/pages\/1363","targetHints":{"allow":["GET"]}}],"collection":[{"href":"https:\/\/aflswitzerland.ch\/de\/wp-json\/wp\/v2\/pages"}],"about":[{"href":"https:\/\/aflswitzerland.ch\/de\/wp-json\/wp\/v2\/types\/page"}],"author":[{"embeddable":true,"href":"https:\/\/aflswitzerland.ch\/de\/wp-json\/wp\/v2\/users\/1"}],"replies":[{"embeddable":true,"href":"https:\/\/aflswitzerland.ch\/de\/wp-json\/wp\/v2\/comments?post=1363"}],"version-history":[{"count":13,"href":"https:\/\/aflswitzerland.ch\/de\/wp-json\/wp\/v2\/pages\/1363\/revisions"}],"predecessor-version":[{"id":2222,"href":"https:\/\/aflswitzerland.ch\/de\/wp-json\/wp\/v2\/pages\/1363\/revisions\/2222"}],"wp:attachment":[{"href":"https:\/\/aflswitzerland.ch\/de\/wp-json\/wp\/v2\/media?parent=1363"}],"curies":[{"name":"wp","href":"https:\/\/api.w.org\/{rel}","templated":true}]}}